{"id":2573,"date":"2023-04-02T18:18:01","date_gmt":"2023-04-02T18:18:01","guid":{"rendered":"https:\/\/www.vgfryer.hr\/susene-gljive\/"},"modified":"2023-09-06T14:19:57","modified_gmt":"2023-09-06T14:19:57","slug":"susene-gljive","status":"publish","type":"page","link":"https:\/\/www.vgfryer.hr\/de\/susene-gljive\/","title":{"rendered":"Getrocknete pilzen"},"content":{"rendered":"<p>[vc_row full_width=&#8221;stretch_row_content_no_spaces&#8221; hide_bg_image_on_tablet=&#8221;&#8221; hide_bg_image_on_mobile=&#8221;&#8221; el_id=&#8221;usluge&#8221; css=&#8221;.vc_custom_1680453094108{margin-top: -8.5em !important;background-color: #c99d66 !important;}&#8221;][vc_column icons_position=&#8221;left&#8221;][vc_single_image image=&#8221;2590&#8243; img_size=&#8221;full&#8221; alignment=&#8221;center&#8221; css=&#8221;.vc_custom_1681802281961{margin-top: -8.5em !important;}&#8221;][\/vc_column][\/vc_row][vc_row full_width=&#8221;stretch_row&#8221; hide_bg_image_on_tablet=&#8221;&#8221; hide_bg_image_on_mobile=&#8221;&#8221; css=&#8221;.vc_custom_1680460290820{background-color: #e4ceb2 !important;background-size: cover !important;}&#8221;][vc_column icons_position=&#8221;left&#8221;][vc_row_inner content_placement=&#8221;top&#8221; css=&#8221;.vc_custom_1678428255124{background-size: contain !important;}&#8221;][vc_column_inner icons_position=&#8221;left&#8221;][vc_empty_space height=&#8221;2em&#8221; alter_height=&#8221;none&#8221; hide_on_desktop=&#8221;&#8221; hide_on_notebook=&#8221;&#8221; hide_on_tablet=&#8221;&#8221; hide_on_mobile=&#8221;&#8221;][vc_column_text]Mischungen aus Wild- und Zuchtpilzen, die <strong>100% nat\u00fcrlich sind, ohne Zusatzstoffe, Salze oder sonstige Zus\u00e4tze<\/strong>. Die Mischungen k\u00f6nnen \u2013 nach dem Einweichen in hei\u00dfem Wasser \u2013 genauso zubereitet werden wie frische Pilze. Sie eignen sich als Zusatz zu Gerichten, Br\u00fchen und Saucen, um den Geschmack der Gerichte zu intensivieren und ihnen eine nat\u00fcrliche Pilznote zu verleihen.<br \/>\nDie Pilze werden vor der Zubereitung in hei\u00dfem Wasser eingeweicht; danach k\u00f6nnen sie wie frische Pilze zubereitet werden. Das Einweichwasser kann als Br\u00fche, zum Abl\u00f6schen von Risottos oder als Zusatz zu anderen Gerichten verwendet werden.<br \/>\nDie getrockneten Pilze verleihen eine besondere Note und einen einzigartigen aromatischen Duft und Geschmack; so k\u00f6nnen sie das ganze Jahr \u2013 auch au\u00dferhalb der Pilzsaison \u2013 genossen werden. Die Mischung ist v\u00f6llig nat\u00fcrlich und kann den Gerichten in beliebiger Menge beigef\u00fcgt werden.<br \/>\nRohstoffursprung: EU. An einem trockenen, dunklen und k\u00fchlen Ort aufbewahren. Das Produkt ist in Wasser einzuweichen. Vor dem Verzehr muss das Produkt thermisch verarbeitet werden.[\/vc_column_text][\/vc_column_inner][\/vc_row_inner][vc_empty_space height=&#8221;2em&#8221; alter_height=&#8221;none&#8221; hide_on_mobile=&#8221;&#8221;][vc_row_inner css=&#8221;.vc_custom_1642803844474{padding-right: 15px !important;padding-left: 15px !important;}&#8221;][vc_column_inner width=&#8221;1\/4&#8243; icons_position=&#8221;left&#8221; css=&#8221;.vc_custom_1642803481645{padding-right: 0px !important;padding-left: 0px !important;}&#8221;][vc_single_image image=&#8221;2179&#8243; img_size=&#8221;full&#8221; css=&#8221;.vc_custom_1681550999513{padding-top: 10px !important;padding-right: 2.2em !important;padding-bottom: 0px !important;padding-left: 2.2em !important;}&#8221;][vc_separator color=&#8221;custom&#8221; border_width=&#8221;10&#8243; css=&#8221;.vc_custom_1670528732445{margin-top: 0px !important;margin-bottom: 0px !important;padding-top: 0px !important;padding-bottom: 0px !important;}&#8221; accent_color=&#8221;#503629&#8243;][vc_custom_heading text=&#8221;STEINPILZ&#8221; font_container=&#8221;tag:h3|font_size:1em|text_align:center|color:%23ffffff&#8221; use_theme_fonts=&#8221;yes&#8221; css=&#8221;.vc_custom_1681768593114{margin-top: 0px !important;margin-bottom: 0px !important;padding-top: 25px !important;padding-bottom: 20px !important;background-color: #7f5027 !important;}&#8221;][vc_column_text css=&#8221;.vc_custom_1681768603340{padding-top: 25px !important;padding-right: 35px !important;padding-bottom: 25px !important;padding-left: 35px !important;}&#8221; el_class=&#8221;txt_gljive&#8221;]<\/p>\n<div class=\"wpb_text_column wpb_content_element vc_custom_1671443660481 txt_gljive\">\n<div class=\"wpb_wrapper\">\n<p>Getrockneter Steinpilz I. Klasse (Boletus Edulis und verwandte Arten)<\/p>\n<\/div>\n<\/div>\n<p>[\/vc_column_text][\/vc_column_inner][vc_column_inner width=&#8221;1\/4&#8243; icons_position=&#8221;left&#8221; css=&#8221;.vc_custom_1642803489936{padding-right: 0px !important;padding-left: 0px !important;}&#8221;][vc_single_image image=&#8221;2171&#8243; img_size=&#8221;full&#8221; css=&#8221;.vc_custom_1681551021419{padding-top: 10px !important;padding-right: 2.2em !important;padding-bottom: 0px !important;padding-left: 2.2em !important;}&#8221;][vc_separator color=&#8221;custom&#8221; border_width=&#8221;10&#8243; css=&#8221;.vc_custom_1670528738265{margin-top: 0px !important;margin-bottom: 0px !important;padding-top: 0px !important;padding-bottom: 0px !important;}&#8221; accent_color=&#8221;#503629&#8243;][vc_custom_heading text=&#8221;HERBSTTROMPETE&#8221; font_container=&#8221;tag:h3|font_size:1em|text_align:center|color:%23ffffff&#8221; use_theme_fonts=&#8221;yes&#8221; css=&#8221;.vc_custom_1681768611406{margin-top: 0px !important;margin-bottom: 0px !important;padding-top: 25px !important;padding-bottom: 20px !important;background-color: #df7e0e !important;}&#8221;][vc_column_text css=&#8221;.vc_custom_1681768619916{padding-top: 25px !important;padding-right: 35px !important;padding-bottom: 25px !important;padding-left: 35px !important;}&#8221; el_class=&#8221;txt_gljive&#8221;]<\/p>\n<div class=\"wpb_text_column wpb_content_element vc_custom_1671443666464 txt_gljive\">\n<div class=\"wpb_wrapper\">\n<p>Getrocknete Herbsttrompete I. Klasse (Craterellus Cornucopiodes)<\/p>\n<\/div>\n<\/div>\n<p>[\/vc_column_text][\/vc_column_inner][vc_column_inner width=&#8221;1\/4&#8243; icons_position=&#8221;left&#8221; css=&#8221;.vc_custom_1642803497195{padding-right: 0px !important;padding-left: 0px !important;}&#8221;][vc_single_image image=&#8221;2169&#8243; img_size=&#8221;full&#8221; css=&#8221;.vc_custom_1681551028935{padding-top: 10px !important;padding-right: 2.2em !important;padding-bottom: 0px !important;padding-left: 2.2em !important;}&#8221;][vc_separator color=&#8221;custom&#8221; border_width=&#8221;10&#8243; css=&#8221;.vc_custom_1670528744239{margin-top: 0px !important;margin-bottom: 0px !important;padding-top: 0px !important;padding-bottom: 0px !important;}&#8221; accent_color=&#8221;#503629&#8243;][vc_custom_heading text=&#8221;ECHTER PFIFFERLING&#8221; font_container=&#8221;tag:h3|font_size:1em|text_align:center|color:%23fcfcfc&#8221; use_theme_fonts=&#8221;yes&#8221; css=&#8221;.vc_custom_1681768630432{margin-top: 0px !important;margin-bottom: 0px !important;padding-top: 25px !important;padding-bottom: 20px !important;background-color: #304c24 !important;}&#8221;][vc_column_text css=&#8221;.vc_custom_1681768640375{padding-top: 25px !important;padding-right: 35px !important;padding-bottom: 25px !important;padding-left: 35px !important;}&#8221; el_class=&#8221;txt_gljive&#8221;]<\/p>\n<div class=\"wpb_text_column wpb_content_element vc_custom_1671443675761 txt_gljive\">\n<div class=\"wpb_wrapper\">\n<p>Getrockneter Echter Pfifferling\/Eierschwammerl I. Klasse (Cantharellus Cibarius)<\/p>\n<\/div>\n<\/div>\n<p>[\/vc_column_text][\/vc_column_inner][vc_column_inner width=&#8221;1\/4&#8243; hide_bg_image_on_tablet=&#8221;&#8221; hide_bg_image_on_mobile=&#8221;&#8221; icons_position=&#8221;left&#8221; css=&#8221;.vc_custom_1680459529409{padding-right: 0px !important;padding-left: 0px !important;}&#8221;][vc_single_image image=&#8221;2325&#8243; img_size=&#8221;full&#8221; css=&#8221;.vc_custom_1681551034984{padding-top: 10px !important;padding-right: 2.2em !important;padding-bottom: 0px !important;padding-left: 2.2em !important;}&#8221;][vc_separator color=&#8221;custom&#8221; border_width=&#8221;10&#8243; css=&#8221;.vc_custom_1680459719159{margin-top: 0px !important;margin-bottom: 0px !important;padding-top: 0px !important;padding-bottom: 0px !important;}&#8221; accent_color=&#8221;#503629&#8243;][vc_custom_heading text=&#8221;CHAMPIGNON&#8221; font_container=&#8221;tag:h3|font_size:1em|text_align:center|color:%23fcfcfc&#8221; use_theme_fonts=&#8221;yes&#8221; css=&#8221;.vc_custom_1682545993083{margin-top: 0px !important;margin-bottom: 0px !important;padding-top: 25px !important;padding-bottom: 20px !important;background-color: #30353b !important;}&#8221;][vc_column_text css=&#8221;.vc_custom_1682502958843{padding-top: 25px !important;padding-right: 35px !important;padding-bottom: 25px !important;padding-left: 35px !important;}&#8221; el_class=&#8221;txt_gljive&#8221;]Champignon<br \/>\n(Agaricus Bisporus)[\/vc_column_text][\/vc_column_inner][\/vc_row_inner][vc_empty_space height=&#8221;2.8em&#8221; alter_height=&#8221;none&#8221; hide_on_mobile=&#8221;1,3&#8243;][vc_row_inner css=&#8221;.vc_custom_1642803844474{padding-right: 15px !important;padding-left: 15px !important;}&#8221;][vc_column_inner width=&#8221;1\/4&#8243; icons_position=&#8221;left&#8221; css=&#8221;.vc_custom_1642803481645{padding-right: 0px !important;padding-left: 0px !important;}&#8221;][vc_single_image image=&#8221;2327&#8243; img_size=&#8221;full&#8221; css=&#8221;.vc_custom_1681551042055{padding-top: 10px !important;padding-right: 2.2em !important;padding-bottom: 0px !important;padding-left: 2.2em !important;}&#8221;][vc_separator color=&#8221;custom&#8221; border_width=&#8221;10&#8243; css=&#8221;.vc_custom_1680459712660{margin-top: 0px !important;margin-bottom: 0px !important;padding-top: 0px !important;padding-bottom: 0px !important;}&#8221; accent_color=&#8221;#503629&#8243;][vc_custom_heading text=&#8221;SHIITAKE&#8221; font_container=&#8221;tag:h3|font_size:1em|text_align:center|color:%23ffffff&#8221; use_theme_fonts=&#8221;yes&#8221; css=&#8221;.vc_custom_1681551176340{margin-top: 0px !important;margin-bottom: 0px !important;padding-top: 25px !important;padding-bottom: 20px !important;background-color: #562e49 !important;}&#8221;][vc_column_text css=&#8221;.vc_custom_1682502980959{padding-top: 25px !important;padding-right: 35px !important;padding-bottom: 25px !important;padding-left: 35px !important;}&#8221; el_class=&#8221;txt_gljive&#8221;]Getrockneter Shiitake<br \/>\n(Lentinus edodes),<br \/>\nI. Klasse[\/vc_column_text][\/vc_column_inner][vc_column_inner width=&#8221;1\/4&#8243; icons_position=&#8221;left&#8221; css=&#8221;.vc_custom_1642803489936{padding-right: 0px !important;padding-left: 0px !important;}&#8221;][vc_single_image image=&#8221;2167&#8243; img_size=&#8221;full&#8221; css=&#8221;.vc_custom_1681551049057{padding-top: 10px !important;padding-right: 2.2em !important;padding-bottom: 0px !important;padding-left: 2.2em !important;}&#8221;][vc_separator color=&#8221;custom&#8221; border_width=&#8221;10&#8243; css=&#8221;.vc_custom_1680459705808{margin-top: 0px !important;margin-bottom: 0px !important;padding-top: 0px !important;padding-bottom: 0px !important;}&#8221; accent_color=&#8221;#503629&#8243;][vc_custom_heading text=&#8221;CLASSIC MIX&#8221; font_container=&#8221;tag:h3|font_size:1em|text_align:center|color:%23ffffff&#8221; use_theme_fonts=&#8221;yes&#8221; css=&#8221;.vc_custom_1681551181440{margin-top: 0px !important;margin-bottom: 0px !important;padding-top: 25px !important;padding-bottom: 20px !important;background-color: #e0b185 !important;}&#8221;][vc_column_text css=&#8221;.vc_custom_1681768656465{padding-top: 25px !important;padding-right: 35px !important;padding-bottom: 25px !important;padding-left: 35px !important;}&#8221; el_class=&#8221;txt_gljive&#8221;]<\/p>\n<div class=\"wpb_text_column wpb_content_element vc_custom_1671443687692 txt_gljive\">\n<div class=\"wpb_wrapper\">\n<p>Champignons (Agaricus Bisporus), Steinpilze (Boletus Edulis und verwandte Arten)<\/p>\n<\/div>\n<\/div>\n<p>[\/vc_column_text][\/vc_column_inner][vc_column_inner width=&#8221;1\/4&#8243; icons_position=&#8221;left&#8221; css=&#8221;.vc_custom_1642803497195{padding-right: 0px !important;padding-left: 0px !important;}&#8221;][vc_single_image image=&#8221;2175&#8243; img_size=&#8221;full&#8221; css=&#8221;.vc_custom_1681551055321{padding-top: 10px !important;padding-right: 2.2em !important;padding-bottom: 0px !important;padding-left: 2.2em !important;}&#8221;][vc_separator color=&#8221;custom&#8221; border_width=&#8221;10&#8243; css=&#8221;.vc_custom_1670528762417{margin-top: 0px !important;margin-bottom: 0px !important;padding-top: 0px !important;padding-bottom: 0px !important;}&#8221; accent_color=&#8221;#503629&#8243;][vc_custom_heading text=&#8221;WALDPILZ-MIX&#8221; font_container=&#8221;tag:h3|font_size:1em|text_align:center|color:%23ffffff&#8221; use_theme_fonts=&#8221;yes&#8221; css=&#8221;.vc_custom_1681768664751{margin-top: 0px !important;margin-bottom: 0px !important;padding-top: 25px !important;padding-bottom: 20px !important;background-color: #816855 !important;}&#8221;][vc_column_text css=&#8221;.vc_custom_1681768675636{padding-top: 25px !important;padding-right: 35px !important;padding-bottom: 25px !important;padding-left: 35px !important;}&#8221; el_class=&#8221;txt_gljive&#8221;]<\/p>\n<div class=\"wpb_text_column wpb_content_element vc_custom_1671443773150 txt_gljive\">\n<div class=\"wpb_wrapper\">\n<p>Champignon (Agaricus Bisporus), Steinpilz (Boletus Edulis und verwandte Arten), Semmelstoppelpilz (Hydnum Repadnum), Herbsttrompete (Craterellus Cornucopiodes)<\/p>\n<\/div>\n<\/div>\n<p>[\/vc_column_text][\/vc_column_inner][vc_column_inner width=&#8221;1\/4&#8243; hide_bg_image_on_tablet=&#8221;&#8221; hide_bg_image_on_mobile=&#8221;&#8221; icons_position=&#8221;left&#8221; css=&#8221;.vc_custom_1680459539383{padding-right: 0px !important;padding-left: 0px !important;}&#8221;][vc_single_image image=&#8221;2173&#8243; img_size=&#8221;full&#8221; css=&#8221;.vc_custom_1681551062154{padding-top: 10px !important;padding-right: 2.2em !important;padding-bottom: 0px !important;padding-left: 2.2em !important;}&#8221;][vc_separator color=&#8221;custom&#8221; border_width=&#8221;10&#8243; css=&#8221;.vc_custom_1670528762417{margin-top: 0px !important;margin-bottom: 0px !important;padding-top: 0px !important;padding-bottom: 0px !important;}&#8221; accent_color=&#8221;#503629&#8243;][vc_custom_heading text=&#8221;PREMIUM MIX&#8221; font_container=&#8221;tag:h3|font_size:1em|text_align:center|color:%23ffffff&#8221; use_theme_fonts=&#8221;yes&#8221; css=&#8221;.vc_custom_1681551192085{margin-top: 0px !important;margin-bottom: 0px !important;padding-top: 25px !important;padding-bottom: 20px !important;background-color: #8b4b1a !important;}&#8221;][vc_column_text css=&#8221;.vc_custom_1681768693452{padding-top: 25px !important;padding-right: 35px !important;padding-bottom: 25px !important;padding-left: 35px !important;}&#8221; el_class=&#8221;txt_gljive&#8221;]<\/p>\n<div class=\"wpb_text_column wpb_content_element vc_custom_1671443768166 txt_gljive\">\n<div class=\"wpb_wrapper\">\n<p>Steinpilz (Boletus Edulis) und verwandte Arten, Semmelstoppelpilz (Hydnum Repadnum), Honiggelber Hallimasch (Armillaria Mellea), Starkriechender Trompetenpfifferling (Cantharellus Lutescens), Herbsttrompete (Craterellus Cornucopiodes)<\/p>\n<\/div>\n<\/div>\n<p>[\/vc_column_text][\/vc_column_inner][\/vc_row_inner][vc_empty_space height=&#8221;4em&#8221; alter_height=&#8221;none&#8221; hide_on_mobile=&#8221;1,3&#8243;][\/vc_column][\/vc_row][vc_row full_width=&#8221;stretch_row&#8221; content_placement=&#8221;middle&#8221; hide_bg_image_on_tablet=&#8221;&#8221; hide_bg_image_on_mobile=&#8221;&#8221; row_delimiter=&#8221;&#8221; hide_on_desktop=&#8221;&#8221; hide_on_notebook=&#8221;&#8221; hide_on_tablet=&#8221;&#8221; hide_on_mobile=&#8221;&#8221; hide_on_frontpage=&#8221;&#8221; css=&#8221;.vc_custom_1680460127705{margin-top: -10em !important;background-color: #e4cfb2 !important;}&#8221;][vc_column width=&#8221;1\/5&#8243; icons_position=&#8221;left&#8221;][vc_raw_html css=&#8221;.vc_custom_1682583729844{margin-top: -7.8em !important;padding-top: 25px !important;padding-right: 35px !important;padding-bottom: 25px !important;padding-left: 35px !important;}&#8221;]JTNDc3Ryb25nJTNFJTNDcCUyMHN0eWxlJTNEJTIybGluZS1oZWlnaHQlM0ExLjFlbSUyMCUyMWltcG9ydGFudCUzQiUyMiUzRUhFSU1JU0NIRSUyMFBJTFpFJTNDJTJGYnIlM0UlMEExMDAlMjUlMjBOQVQlQzMlOUNSTElDSCUzQyUyRnAlM0UlM0MlMkZzdHJvbmclM0U=[\/vc_raw_html][\/vc_column][vc_column width=&#8221;1\/5&#8243; icons_position=&#8221;left&#8221;][vc_single_image image=&#8221;2791&#8243; img_size=&#8221;full&#8221; css=&#8221;.vc_custom_1682503054156{margin-top: -8em !important;}&#8221;][\/vc_column][vc_column width=&#8221;1\/5&#8243; icons_position=&#8221;left&#8221;][\/vc_column][vc_column width=&#8221;1\/5&#8243; icons_position=&#8221;left&#8221;][\/vc_column][vc_column width=&#8221;1\/5&#8243; icons_position=&#8221;left&#8221;][\/vc_column][\/vc_row][vc_row full_width=&#8221;stretch_row_content_no_spaces&#8221; content_placement=&#8221;bottom&#8221; hide_bg_image_on_tablet=&#8221;&#8221; hide_bg_image_on_mobile=&#8221;&#8221; css=&#8221;.vc_custom_1680453289231{background-color: #ffffff !important;background-size: cover !important;}&#8221;][vc_column icons_position=&#8221;left&#8221;][vc_single_image image=&#8221;2331&#8243; img_size=&#8221;full&#8221; alignment=&#8221;center&#8221;][\/vc_column][\/vc_row]<\/p>\n","protected":false},"excerpt":{"rendered":"<p>[vc_row full_width=&#8221;stretch_row_content_no_spaces&#8221; hide_bg_image_on_tablet=&#8221;&#8221; hide_bg_image_on_mobile=&#8221;&#8221; el_id=&#8221;usluge&#8221; css=&#8221;.vc_custom_1680453094108{margin-top: -8.5em !important;background-color: #c99d66 !important;}&#8221;][vc_column icons_position=&#8221;left&#8221;][vc_single_image image=&#8221;2590&#8243; img_size=&#8221;full&#8221; alignment=&#8221;center&#8221; css=&#8221;.vc_custom_1681802281961{margin-top: -8.5em !important;}&#8221;][\/vc_column][\/vc_row][vc_row full_width=&#8221;stretch_row&#8221; hide_bg_image_on_tablet=&#8221;&#8221; hide_bg_image_on_mobile=&#8221;&#8221; css=&#8221;.vc_custom_1680460290820{background-color: #e4ceb2 !important;background-size: cover !important;}&#8221;][vc_column icons_position=&#8221;left&#8221;][vc_row_inner content_placement=&#8221;top&#8221; css=&#8221;.vc_custom_1678428255124{background-size: contain !important;}&#8221;][vc_column_inner icons_position=&#8221;left&#8221;][vc_empty_space height=&#8221;2em&#8221; alter_height=&#8221;none&#8221; hide_on_desktop=&#8221;&#8221; hide_on_notebook=&#8221;&#8221; hide_on_tablet=&#8221;&#8221; hide_on_mobile=&#8221;&#8221;][vc_column_text]Mischungen aus Wild- und&hellip;<\/p>\n","protected":false},"author":1,"featured_media":0,"parent":0,"menu_order":0,"comment_status":"closed","ping_status":"closed","template":"","meta":{"footnotes":""},"class_list":["post-2573","page","type-page","status-publish","hentry"],"_links":{"self":[{"href":"https:\/\/www.vgfryer.hr\/de\/wp-json\/wp\/v2\/pages\/2573","targetHints":{"allow":["GET"]}}],"collection":[{"href":"https:\/\/www.vgfryer.hr\/de\/wp-json\/wp\/v2\/pages"}],"about":[{"href":"https:\/\/www.vgfryer.hr\/de\/wp-json\/wp\/v2\/types\/page"}],"author":[{"embeddable":true,"href":"https:\/\/www.vgfryer.hr\/de\/wp-json\/wp\/v2\/users\/1"}],"replies":[{"embeddable":true,"href":"https:\/\/www.vgfryer.hr\/de\/wp-json\/wp\/v2\/comments?post=2573"}],"version-history":[{"count":17,"href":"https:\/\/www.vgfryer.hr\/de\/wp-json\/wp\/v2\/pages\/2573\/revisions"}],"predecessor-version":[{"id":2943,"href":"https:\/\/www.vgfryer.hr\/de\/wp-json\/wp\/v2\/pages\/2573\/revisions\/2943"}],"wp:attachment":[{"href":"https:\/\/www.vgfryer.hr\/de\/wp-json\/wp\/v2\/media?parent=2573"}],"curies":[{"name":"wp","href":"https:\/\/api.w.org\/{rel}","templated":true}]}}