{"id":2577,"date":"2023-04-02T19:04:13","date_gmt":"2023-04-02T19:04:13","guid":{"rendered":"https:\/\/www.vgfryer.hr\/krumpirovo-brasno\/"},"modified":"2023-09-06T14:18:18","modified_gmt":"2023-09-06T14:18:18","slug":"krumpirovo-brasno","status":"publish","type":"page","link":"https:\/\/www.vgfryer.hr\/de\/krumpirovo-brasno\/","title":{"rendered":"KARTOFFELPRODUKTE"},"content":{"rendered":"<p>[vc_row full_width=&#8221;stretch_row_content_no_spaces&#8221; hide_bg_image_on_tablet=&#8221;&#8221; hide_bg_image_on_mobile=&#8221;&#8221; el_id=&#8221;usluge&#8221; css=&#8221;.vc_custom_1680460510444{margin-top: -8.5em !important;background-color: #ffffff !important;}&#8221;][vc_column icons_position=&#8221;left&#8221;][vc_single_image image=&#8221;2693&#8243; img_size=&#8221;full&#8221; alignment=&#8221;center&#8221; css=&#8221;.vc_custom_1682461566438{margin-top: -8.5em !important;}&#8221;][\/vc_column][\/vc_row][vc_row full_width=&#8221;stretch_row&#8221; hide_bg_image_on_tablet=&#8221;&#8221; hide_bg_image_on_mobile=&#8221;&#8221; css=&#8221;.vc_custom_1693985370429{background: #c9baab url(https:\/\/www.vgfryer.hr\/wp-content\/uploads\/2023\/02\/pozadina_drvo-scaled.jpg?id=2193) !important;background-position: top left !important;background-repeat: repeat !important;}&#8221; el_id=&#8221;robnemarke&#8221;][vc_column icons_position=&#8221;left&#8221;][vc_custom_heading text=&#8221;KARTOFFELPRODUKTE&#8221; font_container=&#8221;tag:h2|text_align:center&#8221; use_theme_fonts=&#8221;yes&#8221;][vc_column_text]<\/p>\n<div class=\"wpb_text_column wpb_content_element \">\n<div class=\"wpb_wrapper\">\n<p>Aus Kartoffeln der Sorte Bellarosa stellen wir hochwertige dehydrierte Kartoffeln und Kartoffelmehl her. Die sorgf\u00e4ltig ausgew\u00e4hlten Kartoffeln werden von uns gereinigt, gesch\u00e4lt, blanchiert und getrocknet. Die hierbei erhaltenen Kartoffelw\u00fcrfel dienen der Weiterverarbeitung. Durch Mahlen erhalten wir reines Kartoffelmehl, das vor allem in der Backwarenproduktion und in der Gnocchi-Produktion verwendet wird. Dar\u00fcber hinaus wird das Kartoffelmehl auch als nat\u00fcrliches Verdickungsmittel und als Feuchtigkeitsspeicher verwendet, um andere Produkte zu verfeinern und zu verbessern.<\/p>\n<\/div>\n<\/div>\n<p>[\/vc_column_text][vc_empty_space height=&#8221;2em&#8221; alter_height=&#8221;none&#8221; hide_on_mobile=&#8221;&#8221;][vc_row_inner][vc_column_inner width=&#8221;1\/2&#8243; icons_position=&#8221;left&#8221;][vc_single_image image=&#8221;2582&#8243; img_size=&#8221;full&#8221;][vc_empty_space height=&#8221;1em&#8221; alter_height=&#8221;none&#8221; hide_on_mobile=&#8221;&#8221;][vc_column_text css=&#8221;.vc_custom_1693864134748{padding-right: 50px !important;}&#8221;]Dehydrierte Kartoffeln erh\u00e4lt man durch das Trocknen geraspelter Kartoffeln der Sorte Bellarosa; sie werden als Flocken von einigen Millimetern Gr\u00f6\u00dfe ausgeliefert. Dehydrierte Kartoffeln eignen sich hervorragend als Einlage f\u00fcr Suppen und verschiedene Eint\u00f6pfe, ebenso als Grundlage f\u00fcr die Zubereitung von P\u00fcrees. Sie ersparen nicht nur Zeit bei der Zubereitung von Speisen, sondern auch Lagerraum. Die Haltbarkeit des Produkts betr\u00e4gt bei guter Lagerung 2 Jahre.<\/p>\n<p>Das Produkt wird aus heimischen kontrollierten Rohstoffen (Kartoffeln von kroatischen Feldern) hergestellt und eignet sich auch f\u00fcr Menschen mit Glutenunvertr\u00e4glichkeit.<\/p>\n<p>Kartoffelmehl wird durch das Mahlen von dehydrierten Kartoffeln gewonnen und zur Zubereitung verschiedener Speisen verwendet. So verwenden wir es auch bei der Herstellung von verschiedenen Pasta- und Brotsorten sowie als Einlage f\u00fcr unterschiedliche Gerichte.<br \/>\nKartoffelmehl enth\u00e4lt eine gro\u00dfe Menge an Kohlenhydraten und Aminos\u00e4uren, es enth\u00e4lt die Vitamine A, B6 und C und ist reich an Kalium, Kalzium, Magnesium und anderen Spurenelementen.<br \/>\nDer Energiewert des Produkts betr\u00e4gt 350-370 Kilokalorien je hundert Gramm.<br \/>\nAls vollkommen naturbelassenes Produkt enth\u00e4lt Kartoffelmehl kein Gluten und ist somit auch f\u00fcr Menschen mit angeborener Glutenunvertr\u00e4glichkeit geeignet; au\u00dferdem hat es weitere positive Eigenschaften.<br \/>\nDie positiven Eigenschaften von Kartoffelmehl umfassen: Es st\u00e4rkt das Immunsystem, wirkt positiv auf Herz und Kreislauf, stabilisiert den Cholesterinspiegel im Blut, tr\u00e4gt zum Abbau von Giftstoffen und zur Selbstreinigung des K\u00f6rpers bei, wirkt sich positiv auf die Darmschleimhaut aus, entw\u00e4ssert den K\u00f6rper usw.<br \/>\nEs wird eine ma\u00dfvolle Verwendung des Produkts empfohlen, da das Mehl reich an Kohlenhydraten ist. Kartoffelmehl kann auch mit anderen Mehlsorten gemischt werden.<br \/>\nOft wird das Kartoffelmehl auch Kartoffelgerichten beigemischt, um ihnen eine s\u00e4mige Konsistenz und ein subtiles w\u00fcrziges Aroma zu verleihen. F\u00fcgen Sie das Mehl w\u00e4hrend des Kochvorgangs Cremesuppen, Saucen, Hauptgerichten, Puddings oder Gelee bei. Es kann auch als Teig zum Braten verwendet werden.[\/vc_column_text][\/vc_column_inner][vc_column_inner width=&#8221;1\/2&#8243; icons_position=&#8221;left&#8221;][vc_single_image image=&#8221;2579&#8243; img_size=&#8221;full&#8221;][vc_empty_space height=&#8221;1em&#8221; alter_height=&#8221;none&#8221; hide_on_mobile=&#8221;&#8221;][vc_column_text css=&#8221;.vc_custom_1693864087728{padding-right: 25px !important;}&#8221;]Durch die Verwendung von Kartoffelmehl wird der Teig besonders knusprig und das fertige Gericht erh\u00e4lt einen einzigartigen Geschmack und ein einmaliges Aroma. Professionelle B\u00e4cker verwenden Kartoffelmehl zudem, um Kuchen, Keksen und anderen Backwaren einen besonderen Geschmack zu verleihen. Kartoffelmehl verleiht Backwaren Glanz und Lockerheit. Konditoren kreieren originelle Desserts auf Kartoffelmehlbasis, da dieses gut mit Beeren, Obst, Schokolade, N\u00fcssen und K\u00e4se harmoniert.<\/p>\n<h5>KAUF- UND LAGERUNGSMERKMALE<\/h5>\n<p>Kartoffelmehl wird oft f\u00e4lschlicherweise als St\u00e4rke bezeichnet, was nicht stimmt. Diese zwei Produkte unterscheiden sich in Bezug auf Produktionstechnologie, Eigenschaften und Umfang.<br \/>\nKartoffelmehl und St\u00e4rke unterscheiden sich erheblich voneinander. Nichtsdestotrotz vertauschen einige Hersteller diese Konzepte oft, so dass bei der Mehlauswahl gr\u00f6\u00dfte Sorgfalt auf die Zusammensetzung des Produkts gelegt werden sollte.<br \/>\nAuf Mehlverpackungen sind Kartoffeln immer als erster und Hauptbestandteil aufgef\u00fchrt; wohingegen es Extrakt oder Melasse auf St\u00e4rkeverpackung sind. Meistens sind Kartoffeln der einzige Bestandteil von Kartoffelmehl, obwohl einige skrupellose Hersteller Konservierungsstoffe hinzuf\u00fcgen, um die Haltbarkeit des Produkts zu verl\u00e4ngern und den Preis zu senken. Da Kartoffelmehl sehr feuchtigkeitsempfindlich ist, sollte es nach dem Kauf in einem fest verschlossenen Beh\u00e4lter aufbewahrt und an einem k\u00fchlen und trockenen Ort gelagert werden. Wird das Kartoffelmehr unsachgem\u00e4\u00df in R\u00e4umen mit hoher Luftfeuchtigkeit gelagert, beginnt es zu klumpen, Insektenbildung wird beg\u00fcnstigt und es eignet sich nicht mehr zur Verwendung.<br \/>\nNach dem \u00d6ffnen der Werksverpackung wird empfohlen, das Produkt innerhalb von sechs Monaten zu verbrauchen. Diese Empfehlung basiert auf dem Umstand, dass die Geschmackseigenschaften von Kartoffelmehl allm\u00e4hlich abnehmen und es seine urspr\u00fcnglichen Eigenschaften verliert.<br \/>\nQuelle: https:\/\/hor.sadfans.ru<\/p>\n<p>VG Fryer d.o.o. legt gro\u00dfen Wert auf die Auswahl der Rohstoffe von lokalen kroatischen Herstellern, ebenso auf die Qualit\u00e4tskontrolle des Produktionsprozesses, um ein Produkt von h\u00f6chster Qualit\u00e4t herzustellen. Kartoffelsorte: Bella Rosa.[\/vc_column_text][vc_empty_space height=&#8221;0,5em&#8221; alter_height=&#8221;none&#8221; hide_on_mobile=&#8221;&#8221;][\/vc_column_inner][\/vc_row_inner][vc_empty_space height=&#8221;4em&#8221; alter_height=&#8221;none&#8221; hide_on_mobile=&#8221;1,3&#8243;][\/vc_column][\/vc_row][vc_row full_width=&#8221;stretch_row_content_no_spaces&#8221; content_placement=&#8221;bottom&#8221; hide_bg_image_on_tablet=&#8221;&#8221; hide_bg_image_on_mobile=&#8221;&#8221; css=&#8221;.vc_custom_1680453289231{background-color: #ffffff !important;background-size: cover !important;}&#8221;][vc_column icons_position=&#8221;left&#8221;][vc_single_image image=&#8221;2347&#8243; img_size=&#8221;full&#8221; alignment=&#8221;center&#8221;][\/vc_column][\/vc_row]<\/p>\n","protected":false},"excerpt":{"rendered":"<p>[vc_row full_width=&#8221;stretch_row_content_no_spaces&#8221; hide_bg_image_on_tablet=&#8221;&#8221; hide_bg_image_on_mobile=&#8221;&#8221; el_id=&#8221;usluge&#8221; css=&#8221;.vc_custom_1680460510444{margin-top: -8.5em !important;background-color: #ffffff !important;}&#8221;][vc_column icons_position=&#8221;left&#8221;][vc_single_image image=&#8221;2693&#8243; img_size=&#8221;full&#8221; alignment=&#8221;center&#8221; css=&#8221;.vc_custom_1682461566438{margin-top: -8.5em !important;}&#8221;][\/vc_column][\/vc_row][vc_row full_width=&#8221;stretch_row&#8221; hide_bg_image_on_tablet=&#8221;&#8221; hide_bg_image_on_mobile=&#8221;&#8221; css=&#8221;.vc_custom_1693985370429{background: #c9baab url(https:\/\/www.vgfryer.hr\/wp-content\/uploads\/2023\/02\/pozadina_drvo-scaled.jpg?id=2193) !important;background-position: top left !important;background-repeat: repeat !important;}&#8221; el_id=&#8221;robnemarke&#8221;][vc_column icons_position=&#8221;left&#8221;][vc_custom_heading text=&#8221;KARTOFFELPRODUKTE&#8221; font_container=&#8221;tag:h2|text_align:center&#8221; use_theme_fonts=&#8221;yes&#8221;][vc_column_text] Aus Kartoffeln der Sorte Bellarosa stellen&hellip;<\/p>\n","protected":false},"author":1,"featured_media":0,"parent":0,"menu_order":0,"comment_status":"closed","ping_status":"closed","template":"","meta":{"footnotes":""},"class_list":["post-2577","page","type-page","status-publish","hentry"],"_links":{"self":[{"href":"https:\/\/www.vgfryer.hr\/de\/wp-json\/wp\/v2\/pages\/2577","targetHints":{"allow":["GET"]}}],"collection":[{"href":"https:\/\/www.vgfryer.hr\/de\/wp-json\/wp\/v2\/pages"}],"about":[{"href":"https:\/\/www.vgfryer.hr\/de\/wp-json\/wp\/v2\/types\/page"}],"author":[{"embeddable":true,"href":"https:\/\/www.vgfryer.hr\/de\/wp-json\/wp\/v2\/users\/1"}],"replies":[{"embeddable":true,"href":"https:\/\/www.vgfryer.hr\/de\/wp-json\/wp\/v2\/comments?post=2577"}],"version-history":[{"count":8,"href":"https:\/\/www.vgfryer.hr\/de\/wp-json\/wp\/v2\/pages\/2577\/revisions"}],"predecessor-version":[{"id":3667,"href":"https:\/\/www.vgfryer.hr\/de\/wp-json\/wp\/v2\/pages\/2577\/revisions\/3667"}],"wp:attachment":[{"href":"https:\/\/www.vgfryer.hr\/de\/wp-json\/wp\/v2\/media?parent=2577"}],"curies":[{"name":"wp","href":"https:\/\/api.w.org\/{rel}","templated":true}]}}