{"id":2671,"date":"2023-04-02T21:31:11","date_gmt":"2023-04-02T21:31:11","guid":{"rendered":"https:\/\/www.vgfryer.hr\/recepti\/"},"modified":"2023-09-06T14:14:50","modified_gmt":"2023-09-06T14:14:50","slug":"recepti","status":"publish","type":"page","link":"https:\/\/www.vgfryer.hr\/de\/recepti\/","title":{"rendered":"Rezepte"},"content":{"rendered":"<p>[vc_row full_width=&#8221;stretch_row_content_no_spaces&#8221; hide_bg_image_on_tablet=&#8221;&#8221; hide_bg_image_on_mobile=&#8221;&#8221; el_id=&#8221;usluge&#8221; css=&#8221;.vc_custom_1680460510444{margin-top: -8.5em !important;background-color: #ffffff !important;}&#8221;][vc_column icons_position=&#8221;left&#8221; offset=&#8221;vc_hidden-md vc_hidden-sm vc_hidden-xs&#8221;][vc_single_image image=&#8221;3060&#8243; img_size=&#8221;full&#8221; alignment=&#8221;center&#8221; css=&#8221;.vc_custom_1683843546655{margin-top: -8.5em !important;}&#8221;][\/vc_column][\/vc_row][vc_row full_width=&#8221;stretch_row_content_no_spaces&#8221; hide_bg_image_on_tablet=&#8221;&#8221; hide_bg_image_on_mobile=&#8221;&#8221; css=&#8221;.vc_custom_1683823152731{background-color: #ffffff !important;}&#8221;][vc_column icons_position=&#8221;left&#8221; offset=&#8221;vc_hidden-lg&#8221;][vc_single_image image=&#8221;3110&#8243; img_size=&#8221;full&#8221; alignment=&#8221;center&#8221; css=&#8221;.vc_custom_1683847619245{margin-top: 4em !important;}&#8221;][\/vc_column][\/vc_row][vc_row full_width=&#8221;stretch_row&#8221; hide_bg_image_on_tablet=&#8221;&#8221; hide_bg_image_on_mobile=&#8221;&#8221; css=&#8221;.vc_custom_1680470772218{background-color: #e9e0d0 !important;background-size: cover !important;}&#8221; el_id=&#8221;linijeproizvoda&#8221;][vc_column icons_position=&#8221;left&#8221;][vc_empty_space height=&#8221;1em&#8221; alter_height=&#8221;none&#8221; hide_on_desktop=&#8221;&#8221; hide_on_notebook=&#8221;&#8221; hide_on_tablet=&#8221;&#8221; hide_on_mobile=&#8221;&#8221;][vc_custom_heading text=&#8221;REZEPTE MIT TROCKENGEM\u00dcSE&#8221; font_container=&#8221;tag:h2|text_align:center&#8221; use_theme_fonts=&#8221;yes&#8221;][vc_row_inner gap=&#8221;35&#8243; hide_bg_image_on_tablet=&#8221;&#8221; hide_bg_image_on_mobile=&#8221;&#8221; css=&#8221;.vc_custom_1681554070421{padding-top: 1em !important;background-size: cover !important;}&#8221;][vc_column_inner width=&#8221;1\/2&#8243; icons_position=&#8221;left&#8221;][vc_custom_heading text=&#8221;Chili mit Gem\u00fcse und Bohnen&#8221; google_fonts=&#8221;font_family:Kaushan%20Script%3Aregular|font_style:400%20regular%3A400%3Anormal&#8221;][vc_column_text]<\/p>\n<div class=\"wpb_text_column wpb_content_element \">\n<div class=\"wpb_wrapper\">\n<div class=\"wpb_text_column wpb_content_element \">\n<div class=\"wpb_wrapper\">\n<p>Zwiebel und Knoblauch in \u00d6l anbraten und Rinderhack dazugeben. Mit schwarzem Pfeffer und Salz w\u00fcrzen und so lange anbraten, bis das Fleisch eine goldene Farbe angenommen hat. Tomatenmark, gekochte Bohnen und eine \u201eMischung aus Trockengem\u00fcse f\u00fcr Gulasch und Paprikasch\u201c nach Geschmack hinzuf\u00fcgen. Alles vermischen und im Ofen bei 200\u00b0C ca. 30 Minuten backen. Guten Appetit!<\/p>\n<\/div>\n<\/div>\n<\/div>\n<\/div>\n<p>[\/vc_column_text][\/vc_column_inner][vc_column_inner width=&#8221;1\/2&#8243; icons_position=&#8221;left&#8221;][vc_custom_heading text=&#8221;Hochzeitsh\u00fchnersuppe&#8221; google_fonts=&#8221;font_family:Kaushan%20Script%3Aregular|font_style:400%20regular%3A400%3Anormal&#8221;][vc_column_text]<\/p>\n<div class=\"wpb_text_column wpb_content_element \">\n<div class=\"wpb_wrapper\">\n<div class=\"wpb_text_column wpb_content_element \">\n<div class=\"wpb_wrapper\">\n<p>Das gewaschene und ges\u00e4uberte Huhn in Salzwasser kochen. Dem Wasser schwarze Pfefferk\u00f6rner und eine \u201eMischung aus Trockengem\u00fcse f\u00fcr Suppen und Eint\u00f6pfe\u201c beif\u00fcgen. Kochen Sie die Suppe, bis das Fleisch weich ist. Zum Schluss das Fleisch herausnehmen und die Suppennudeln in der Suppe kochen. Vor dem Servieren mit frischer Petersilie garnieren.<\/p>\n<\/div>\n<\/div>\n<\/div>\n<\/div>\n<p>[\/vc_column_text][\/vc_column_inner][\/vc_row_inner][vc_row_inner gap=&#8221;35&#8243; hide_bg_image_on_tablet=&#8221;&#8221; hide_bg_image_on_mobile=&#8221;&#8221; css=&#8221;.vc_custom_1681554075436{margin-top: 1em !important;background-size: cover !important;}&#8221;][vc_column_inner width=&#8221;1\/2&#8243; icons_position=&#8221;left&#8221;][vc_custom_heading text=&#8221;Dicke Steinpilzsuppe&#8221; google_fonts=&#8221;font_family:Kaushan%20Script%3Aregular|font_style:400%20regular%3A400%3Anormal&#8221;][vc_column_text]<\/p>\n<div class=\"wpb_text_column wpb_content_element \">\n<div class=\"wpb_wrapper\">\n<div class=\"wpb_text_column wpb_content_element \">\n<div class=\"wpb_wrapper\">\n<p>Zwiebeln in etwas \u00d6l anbraten. Wenn die Zwiebeln weich sind, eine gepresste Knoblauchzehe hinzuf\u00fcgen und mit Wei\u00dfwein abl\u00f6schen. Nachdem der Wein verdunstet ist, Wasser und die \u201eGem\u00fcsemischung f\u00fcr Pilzsuppe\u201c zuf\u00fcgen. Bei schwacher Hitze kochen, bis das Gem\u00fcse weich ist. Die Suppe mit schwarzem Pfeffer und Salz w\u00fcrzen. Der Suppe k\u00f6nnen weitere getrocknete Steinpilze oder andere getrocknete Pilze zugef\u00fcgt werden. Zum Schluss einen Essl\u00f6ffel Sauerrahm einr\u00fchren. Guten Appetit!<\/p>\n<\/div>\n<\/div>\n<\/div>\n<\/div>\n<p>[\/vc_column_text][\/vc_column_inner][vc_column_inner width=&#8221;1\/2&#8243; icons_position=&#8221;left&#8221;][vc_custom_heading text=&#8221;Brudet vom Oktopus&#8221; google_fonts=&#8221;font_family:Kaushan%20Script%3Aregular|font_style:400%20regular%3A400%3Anormal&#8221;][vc_column_text]<\/p>\n<div class=\"wpb_text_column wpb_content_element \">\n<div class=\"wpb_wrapper\">\n<div class=\"wpb_text_column wpb_content_element \">\n<div class=\"wpb_wrapper\">\n<p>Den Oktopus in Wasser kochen, bis er weich ist. Nach dem Kochen aus dem Wasser nehmen und in W\u00fcrfel schneiden. In einer Pfanne die Zwiebeln in Oliven\u00f6l anschwitzen. Den Tintenfisch hinzuf\u00fcgen und mit Wei\u00dfwein abl\u00f6schen. Kochen, bis der Wein ein wenig verdunstet ist. Etwas Wasser sowie \u2013 nach Geschmack \u2013 die \u201eMischung aus Trockengem\u00fcse f\u00fcr Brudet und Buzara\u201c hinzuf\u00fcgen. So lange kochen, bis die Sauce eingedickt ist. Mit Salz und Pfeffer abschmecken und mit Polenta servieren. Guten Appetit!<\/p>\n<\/div>\n<\/div>\n<\/div>\n<\/div>\n<p>[\/vc_column_text][\/vc_column_inner][\/vc_row_inner][vc_row_inner gap=&#8221;35&#8243; hide_bg_image_on_tablet=&#8221;&#8221; hide_bg_image_on_mobile=&#8221;&#8221; css=&#8221;.vc_custom_1681554080290{margin-top: 1em !important;background-size: cover !important;}&#8221;][vc_column_inner width=&#8221;1\/2&#8243; icons_position=&#8221;left&#8221;][vc_custom_heading text=&#8221;Polenta mit<br \/>\nTrockengem\u00fcse&#8221; google_fonts=&#8221;font_family:Kaushan%20Script%3Aregular|font_style:400%20regular%3A400%3Anormal&#8221;][vc_column_text]<\/p>\n<div class=\"wpb_text_column wpb_content_element \">\n<div class=\"wpb_wrapper\">\n<div class=\"wpb_text_column wpb_content_element \">\n<div class=\"wpb_wrapper\">\n<p>Einige Essl\u00f6ffel Trockengem\u00fcse in kochendes Wasser geben und 5 Minuten kochen lassen. Nachdem das Gem\u00fcse weich geworden ist, die Polenta langsam in das kochende Wasser geben. Die Polenta entsprechend den Herstellerangaben zubereiten. Nach dem Kochen abschmecken und \u2013 nach Geschmack \u2013 einen W\u00fcrfel Butter unterr\u00fchren.<\/p>\n<\/div>\n<\/div>\n<\/div>\n<\/div>\n<p>[\/vc_column_text][\/vc_column_inner][vc_column_inner width=&#8221;1\/2&#8243; icons_position=&#8221;left&#8221;][\/vc_column_inner][\/vc_row_inner][vc_empty_space height=&#8221;2.5em&#8221; alter_height=&#8221;none&#8221; hide_on_mobile=&#8221;1,3&#8243;][\/vc_column][\/vc_row][vc_row full_width=&#8221;stretch_row&#8221; hide_bg_image_on_tablet=&#8221;&#8221; hide_bg_image_on_mobile=&#8221;&#8221; css=&#8221;.vc_custom_1680470772218{background-color: #e9e0d0 !important;background-size: cover !important;}&#8221;][vc_column icons_position=&#8221;left&#8221;][vc_empty_space height=&#8221;0em&#8221; alter_height=&#8221;none&#8221; hide_on_desktop=&#8221;&#8221; hide_on_notebook=&#8221;&#8221; hide_on_tablet=&#8221;&#8221; hide_on_mobile=&#8221;&#8221;][vc_custom_heading text=&#8221;ZUBEREITUNGSANLEITUNG F\u00dcR EIN LECKERES RISOTTO&#8221; font_container=&#8221;tag:h2|text_align:center&#8221; use_theme_fonts=&#8221;yes&#8221;][vc_row_inner gap=&#8221;35&#8243; hide_bg_image_on_tablet=&#8221;&#8221; hide_bg_image_on_mobile=&#8221;&#8221; css=&#8221;.vc_custom_1681554085685{margin-top: 1em !important;background-size: cover !important;}&#8221;][vc_column_inner width=&#8221;1\/2&#8243; icons_position=&#8221;left&#8221;][vc_custom_heading text=&#8221;Risotto mit Prosciutto&#8221; google_fonts=&#8221;font_family:Kaushan%20Script%3Aregular|font_style:400%20regular%3A400%3Anormal&#8221;][vc_column_text]<\/p>\n<div class=\"wpb_text_column wpb_content_element \">\n<div class=\"wpb_wrapper\">\n<div class=\"wpb_text_column wpb_content_element \">\n<div class=\"wpb_wrapper\">\n<p>Den gew\u00fcrfelten Prosciutto kurz in \u00d6l anbraten. Die fertige Risottomischung und etwas Wein hinzuf\u00fcgen. Nachdem der Wein verdunstet ist, nach Geschmack mit Br\u00fche aufgie\u00dfen. Das Risotto unter st\u00e4ndigem R\u00fchren 20 Minuten kochen. Mit Salz und Pfeffer abschmecken. Am Ende des Kochvorgangs einen W\u00fcrfel kalte Butter unterr\u00fchren.<\/p>\n<\/div>\n<\/div>\n<\/div>\n<\/div>\n<p>[\/vc_column_text][\/vc_column_inner][vc_column_inner width=&#8221;1\/2&#8243; icons_position=&#8221;left&#8221;][\/vc_column_inner][\/vc_row_inner][vc_empty_space height=&#8221;4em&#8221; alter_height=&#8221;none&#8221; hide_on_desktop=&#8221;&#8221; hide_on_notebook=&#8221;&#8221; hide_on_tablet=&#8221;&#8221; hide_on_mobile=&#8221;1&#8243;][\/vc_column][\/vc_row][vc_row full_width=&#8221;stretch_row_content_no_spaces&#8221; content_placement=&#8221;bottom&#8221; hide_bg_image_on_tablet=&#8221;&#8221; hide_bg_image_on_mobile=&#8221;&#8221; css=&#8221;.vc_custom_1680453289231{background-color: #ffffff !important;background-size: cover !important;}&#8221;][vc_column icons_position=&#8221;left&#8221; offset=&#8221;vc_hidden-md vc_hidden-sm vc_hidden-xs&#8221;][vc_single_image image=&#8221;2395&#8243; img_size=&#8221;full&#8221; alignment=&#8221;center&#8221;][\/vc_column][\/vc_row][vc_row full_width=&#8221;stretch_row_content_no_spaces&#8221; content_placement=&#8221;bottom&#8221; hide_bg_image_on_tablet=&#8221;&#8221; hide_bg_image_on_mobile=&#8221;&#8221; css=&#8221;.vc_custom_1680453289231{background-color: #ffffff !important;background-size: cover !important;}&#8221;][vc_column hide_bg_image_on_tablet=&#8221;&#8221; hide_bg_image_on_mobile=&#8221;&#8221; icons_position=&#8221;left&#8221; offset=&#8221;vc_hidden-lg&#8221;][vc_single_image image=&#8221;3066&#8243; img_size=&#8221;full&#8221; alignment=&#8221;center&#8221;][\/vc_column][\/vc_row]<\/p>\n","protected":false},"excerpt":{"rendered":"<p>[vc_row full_width=&#8221;stretch_row_content_no_spaces&#8221; hide_bg_image_on_tablet=&#8221;&#8221; hide_bg_image_on_mobile=&#8221;&#8221; el_id=&#8221;usluge&#8221; css=&#8221;.vc_custom_1680460510444{margin-top: -8.5em !important;background-color: #ffffff !important;}&#8221;][vc_column icons_position=&#8221;left&#8221; offset=&#8221;vc_hidden-md vc_hidden-sm vc_hidden-xs&#8221;][vc_single_image image=&#8221;3060&#8243; img_size=&#8221;full&#8221; alignment=&#8221;center&#8221; css=&#8221;.vc_custom_1683843546655{margin-top: -8.5em !important;}&#8221;][\/vc_column][\/vc_row][vc_row full_width=&#8221;stretch_row_content_no_spaces&#8221; hide_bg_image_on_tablet=&#8221;&#8221; hide_bg_image_on_mobile=&#8221;&#8221; css=&#8221;.vc_custom_1683823152731{background-color: #ffffff !important;}&#8221;][vc_column icons_position=&#8221;left&#8221; offset=&#8221;vc_hidden-lg&#8221;][vc_single_image image=&#8221;3110&#8243; img_size=&#8221;full&#8221; alignment=&#8221;center&#8221; css=&#8221;.vc_custom_1683847619245{margin-top: 4em !important;}&#8221;][\/vc_column][\/vc_row][vc_row full_width=&#8221;stretch_row&#8221; hide_bg_image_on_tablet=&#8221;&#8221; hide_bg_image_on_mobile=&#8221;&#8221; css=&#8221;.vc_custom_1680470772218{background-color: #e9e0d0 !important;background-size:&hellip;<\/p>\n","protected":false},"author":1,"featured_media":0,"parent":0,"menu_order":0,"comment_status":"closed","ping_status":"closed","template":"","meta":{"footnotes":""},"class_list":["post-2671","page","type-page","status-publish","hentry"],"_links":{"self":[{"href":"https:\/\/www.vgfryer.hr\/de\/wp-json\/wp\/v2\/pages\/2671","targetHints":{"allow":["GET"]}}],"collection":[{"href":"https:\/\/www.vgfryer.hr\/de\/wp-json\/wp\/v2\/pages"}],"about":[{"href":"https:\/\/www.vgfryer.hr\/de\/wp-json\/wp\/v2\/types\/page"}],"author":[{"embeddable":true,"href":"https:\/\/www.vgfryer.hr\/de\/wp-json\/wp\/v2\/users\/1"}],"replies":[{"embeddable":true,"href":"https:\/\/www.vgfryer.hr\/de\/wp-json\/wp\/v2\/comments?post=2671"}],"version-history":[{"count":7,"href":"https:\/\/www.vgfryer.hr\/de\/wp-json\/wp\/v2\/pages\/2671\/revisions"}],"predecessor-version":[{"id":3119,"href":"https:\/\/www.vgfryer.hr\/de\/wp-json\/wp\/v2\/pages\/2671\/revisions\/3119"}],"wp:attachment":[{"href":"https:\/\/www.vgfryer.hr\/de\/wp-json\/wp\/v2\/media?parent=2671"}],"curies":[{"name":"wp","href":"https:\/\/api.w.org\/{rel}","templated":true}]}}