{"id":2685,"date":"2023-04-02T18:45:41","date_gmt":"2023-04-02T18:45:41","guid":{"rendered":"https:\/\/www.vgfryer.hr\/ducan\/zacini\/"},"modified":"2023-04-26T10:03:51","modified_gmt":"2023-04-26T10:03:51","slug":"zacini","status":"publish","type":"page","link":"https:\/\/www.vgfryer.hr\/ducan\/de\/zacini\/","title":{"rendered":"Za\u010dini"},"content":{"rendered":"<p>[vc_row full_width=&#8221;stretch_row_content_no_spaces&#8221; hide_bg_image_on_tablet=&#8221;&#8221; hide_bg_image_on_mobile=&#8221;&#8221; el_id=&#8221;usluge&#8221; css=&#8221;.vc_custom_1680460510444{margin-top: -8.5em !important;background-color: #ffffff !important;}&#8221;][vc_column icons_position=&#8221;left&#8221;][vc_single_image image=&#8221;2679&#8243; img_size=&#8221;full&#8221; alignment=&#8221;center&#8221; css=&#8221;.vc_custom_1682461201832{margin-top: -8.5em !important;}&#8221;][\/vc_column][\/vc_row][vc_row full_width=&#8221;stretch_row&#8221; hide_bg_image_on_tablet=&#8221;&#8221; hide_bg_image_on_mobile=&#8221;&#8221; css=&#8221;.vc_custom_1680460518959{background-color: #ffffff !important;background-size: cover !important;}&#8221;][vc_column icons_position=&#8221;left&#8221;][vc_row_inner content_placement=&#8221;top&#8221; css=&#8221;.vc_custom_1678428255124{background-size: contain !important;}&#8221;][vc_column_inner icons_position=&#8221;left&#8221;][vc_empty_space height=&#8221;2em&#8221; alter_height=&#8221;none&#8221; hide_on_desktop=&#8221;&#8221; hide_on_notebook=&#8221;&#8221; hide_on_tablet=&#8221;&#8221; hide_on_mobile=&#8221;&#8221;][vc_column_text]Gew\u00fcrze sind Samen, Gem\u00fcse, Obst, Wurzeln, Rinden oder andere pflanzliche Substanzen, die haupts\u00e4chlich zum W\u00fcrzen oder F\u00e4rben von Lebensmitteln verwendet werden. Gew\u00fcrze unterscheiden sich von Kr\u00e4utern, bei denen es sich um Bl\u00e4tter, Bl\u00fcten oder Pflanzenstiele handelt, da diese zum W\u00fcrzen oder zu Dekorationszwecken verwendet werden. Unter Ber\u00fccksichtigung unseres Produktionsprozesses, im Rahmen dessen der Dehydrierungsprozess verschiedener Gem\u00fcse-, Obst- und Pflanzensorten mittels W\u00e4rmeenergie stattfindet, haben wir uns dazu entschieden, dem Markt eine Vielzahl an Gew\u00fcrzen in bew\u00e4hrter Qualit\u00e4t und praktischer Verpackung anzubieten. Die Gew\u00fcrzmischungen wurden von uns an die Marktgegebenheiten und -anforderungen angepasst.[\/vc_column_text][\/vc_column_inner][\/vc_row_inner][vc_empty_space height=&#8221;2em&#8221; alter_height=&#8221;none&#8221; hide_on_mobile=&#8221;&#8221;][vc_row_inner css=&#8221;.vc_custom_1642803844474{padding-right: 15px !important;padding-left: 15px !important;}&#8221;][vc_column_inner width=&#8221;1\/3&#8243; icons_position=&#8221;left&#8221; css=&#8221;.vc_custom_1642803481645{padding-right: 0px !important;padding-left: 0px !important;}&#8221;][vc_single_image image=&#8221;2453&#8243; img_size=&#8221;full&#8221; css=&#8221;.vc_custom_1681551792712{padding-bottom: 1em !important;}&#8221;][vc_separator color=&#8221;custom&#8221; border_width=&#8221;10&#8243; css=&#8221;.vc_custom_1670528732445{margin-top: 0px !important;margin-bottom: 0px !important;padding-top: 0px !important;padding-bottom: 0px !important;}&#8221; accent_color=&#8221;#503629&#8243;][vc_custom_heading text=&#8221;KRUG&#8221; font_container=&#8221;tag:h3|font_size:1em|text_align:center|color:%23e8ddcc&#8221; use_theme_fonts=&#8221;yes&#8221; css=&#8221;.vc_custom_1682503399460{margin-top: 0px !important;margin-bottom: 0px !important;padding-top: 25px !important;padding-bottom: 20px !important;background-color: #7a4431 !important;}&#8221;][vc_column_text css=&#8221;.vc_custom_1682461215045{padding-top: 25px !important;padding-right: 35px !important;padding-bottom: 25px !important;padding-left: 35px !important;}&#8221; el_class=&#8221;txt_gljive&#8221;]BBQ Rippchen 90 g<br \/>\nGrillgew\u00fcrz f\u00fcr H\u00e4hnchen 90 g<br \/>\nGrillgew\u00fcrz f\u00fcr Schweinefleisch 90 g<br \/>\nGrillgew\u00fcrz f\u00fcr Rindfleisch 90 g<\/p>\n<p>Griechisches Gyros 30 g<br \/>\nBuntes Kalifornien 30 g<br \/>\nMexikanischer Torro 30 g<br \/>\nArgentinischer Staccado 30 g<br \/>\nIndonesisches Curry 30 g[\/vc_column_text][\/vc_column_inner][vc_column_inner width=&#8221;1\/3&#8243; icons_position=&#8221;left&#8221; css=&#8221;.vc_custom_1642803489936{padding-right: 0px !important;padding-left: 0px !important;}&#8221;][vc_single_image image=&#8221;2455&#8243; img_size=&#8221;full&#8221; css=&#8221;.vc_custom_1681551801824{padding-bottom: 1em !important;}&#8221;][vc_separator color=&#8221;custom&#8221; border_width=&#8221;10&#8243; css=&#8221;.vc_custom_1670528738265{margin-top: 0px !important;margin-bottom: 0px !important;padding-top: 0px !important;padding-bottom: 0px !important;}&#8221; accent_color=&#8221;#503629&#8243;][vc_custom_heading text=&#8221;SCHLEIFER&#8221; font_container=&#8221;tag:h3|font_size:1em|text_align:center|color:%23e8ddcc&#8221; use_theme_fonts=&#8221;yes&#8221; css=&#8221;.vc_custom_1682503428135{margin-top: 0px !important;margin-bottom: 0px !important;padding-top: 25px !important;padding-bottom: 20px !important;background-color: #7a7c49 !important;}&#8221;][vc_column_text css=&#8221;.vc_custom_1682461221383{padding-top: 25px !important;padding-right: 35px !important;padding-bottom: 25px !important;padding-left: 35px !important;}&#8221; el_class=&#8221;txt_gljive&#8221;]Pfeffer Wei\u00df 60 g<br \/>\nPfeffer Schwarz 50 g<br \/>\nPfeffer Gr\u00fcn 30 g<br \/>\nKoriander 30 g<br \/>\nK\u00fcmmel ganz 50 g<br \/>\nChili gemahlen 30 g<br \/>\nPaprika edels\u00fc\u00df gemahlen 40 g<br \/>\nSchnittlauch 10 g<br \/>\nRosmarin 30 g<br \/>\nLiebst\u00f6ckel 10 g<br \/>\nZwiebel 30 g<br \/>\nProvence Mischung 20 g[\/vc_column_text][\/vc_column_inner][vc_column_inner width=&#8221;1\/3&#8243; icons_position=&#8221;left&#8221; css=&#8221;.vc_custom_1642803497195{padding-right: 0px !important;padding-left: 0px !important;}&#8221;][vc_single_image image=&#8221;2451&#8243; img_size=&#8221;full&#8221; css=&#8221;.vc_custom_1681551810752{padding-bottom: 1em !important;}&#8221;][vc_separator color=&#8221;custom&#8221; border_width=&#8221;10&#8243; css=&#8221;.vc_custom_1670528744239{margin-top: 0px !important;margin-bottom: 0px !important;padding-top: 0px !important;padding-bottom: 0px !important;}&#8221; accent_color=&#8221;#503629&#8243;][vc_custom_heading text=&#8221;SPREIZER&#8221; font_container=&#8221;tag:h3|font_size:1em|text_align:center|color:%23e8ddcc&#8221; use_theme_fonts=&#8221;yes&#8221; css=&#8221;.vc_custom_1682503383166{margin-top: 0px !important;margin-bottom: 0px !important;padding-top: 25px !important;padding-bottom: 20px !important;background-color: #d15737 !important;}&#8221;][vc_column_text css=&#8221;.vc_custom_1682461230011{padding-top: 25px !important;padding-right: 35px !important;padding-bottom: 25px !important;padding-left: 35px !important;}&#8221; el_class=&#8221;txt_gljive&#8221;]Petersilie<br \/>\nSpinat<br \/>\nRote Bete<br \/>\nChampignonpulver<br \/>\nTomate<br \/>\nSellerie<br \/>\nKnoblauch<br \/>\nSteinpilz-Granulat<br \/>\nKulen-Paprika edels\u00fc\u00df<br \/>\nKulen-Paprika scharf<br \/>\nChili<br \/>\nK\u00fcmmel gemahlen<br \/>\nKurkuma gemahlen<br \/>\nCurry gemahlen<br \/>\nPfeffer wei\u00df gemahlen<br \/>\nPfeffer schwarz gemahlen<br \/>\nSalbei<br \/>\nDill<br \/>\nMajoran<br \/>\nPiment<br \/>\nSchwarze Trompete gemahlen<br \/>\nZimt gemahlen[\/vc_column_text][\/vc_column_inner][\/vc_row_inner][vc_empty_space height=&#8221;4em&#8221; alter_height=&#8221;none&#8221; hide_on_mobile=&#8221;1,3&#8243;][\/vc_column][\/vc_row][vc_row full_width=&#8221;stretch_row_content_no_spaces&#8221; content_placement=&#8221;bottom&#8221; hide_bg_image_on_tablet=&#8221;&#8221; hide_bg_image_on_mobile=&#8221;&#8221; css=&#8221;.vc_custom_1680453289231{background-color: #ffffff !important;background-size: cover !important;}&#8221;][vc_column icons_position=&#8221;left&#8221;][vc_single_image image=&#8221;2343&#8243; img_size=&#8221;full&#8221; alignment=&#8221;center&#8221;][\/vc_column][\/vc_row]<\/p>\n","protected":false},"excerpt":{"rendered":"<p>[vc_row full_width=&#8221;stretch_row_content_no_spaces&#8221; hide_bg_image_on_tablet=&#8221;&#8221; hide_bg_image_on_mobile=&#8221;&#8221; el_id=&#8221;usluge&#8221; css=&#8221;.vc_custom_1680460510444{margin-top: -8.5em !important;background-color: #ffffff !important;}&#8221;][vc_column icons_position=&#8221;left&#8221;][vc_single_image image=&#8221;2679&#8243; img_size=&#8221;full&#8221; alignment=&#8221;center&#8221; css=&#8221;.vc_custom_1682461201832{margin-top: -8.5em !important;}&#8221;][\/vc_column][\/vc_row][vc_row full_width=&#8221;stretch_row&#8221; hide_bg_image_on_tablet=&#8221;&#8221; hide_bg_image_on_mobile=&#8221;&#8221; css=&#8221;.vc_custom_1680460518959{background-color: #ffffff !important;background-size: cover !important;}&#8221;][vc_column icons_position=&#8221;left&#8221;][vc_row_inner content_placement=&#8221;top&#8221; css=&#8221;.vc_custom_1678428255124{background-size: contain !important;}&#8221;][vc_column_inner icons_position=&#8221;left&#8221;][vc_empty_space height=&#8221;2em&#8221; alter_height=&#8221;none&#8221; hide_on_desktop=&#8221;&#8221; hide_on_notebook=&#8221;&#8221; hide_on_tablet=&#8221;&#8221; hide_on_mobile=&#8221;&#8221;][vc_column_text]Gew\u00fcrze sind Samen, Gem\u00fcse,&hellip;<\/p>\n","protected":false},"author":1,"featured_media":0,"parent":0,"menu_order":0,"comment_status":"closed","ping_status":"closed","template":"","meta":{"footnotes":""},"class_list":["post-2685","page","type-page","status-publish","hentry"],"_links":{"self":[{"href":"https:\/\/www.vgfryer.hr\/ducan\/de\/wp-json\/wp\/v2\/pages\/2685","targetHints":{"allow":["GET"]}}],"collection":[{"href":"https:\/\/www.vgfryer.hr\/ducan\/de\/wp-json\/wp\/v2\/pages"}],"about":[{"href":"https:\/\/www.vgfryer.hr\/ducan\/de\/wp-json\/wp\/v2\/types\/page"}],"author":[{"embeddable":true,"href":"https:\/\/www.vgfryer.hr\/ducan\/de\/wp-json\/wp\/v2\/users\/1"}],"replies":[{"embeddable":true,"href":"https:\/\/www.vgfryer.hr\/ducan\/de\/wp-json\/wp\/v2\/comments?post=2685"}],"version-history":[{"count":4,"href":"https:\/\/www.vgfryer.hr\/ducan\/de\/wp-json\/wp\/v2\/pages\/2685\/revisions"}],"predecessor-version":[{"id":2801,"href":"https:\/\/www.vgfryer.hr\/ducan\/de\/wp-json\/wp\/v2\/pages\/2685\/revisions\/2801"}],"wp:attachment":[{"href":"https:\/\/www.vgfryer.hr\/ducan\/de\/wp-json\/wp\/v2\/media?parent=2685"}],"curies":[{"name":"wp","href":"https:\/\/api.w.org\/{rel}","templated":true}]}}